{"id":314,"date":"2024-10-22T15:31:23","date_gmt":"2024-10-22T15:31:23","guid":{"rendered":"https:\/\/goe-group.com\/thank-you\/"},"modified":"2024-12-19T09:15:55","modified_gmt":"2024-12-19T09:15:55","slug":"hvala-na-prijavi","status":"publish","type":"page","link":"https:\/\/goe-group.com\/hr\/hvala-na-prijavi\/","title":{"rendered":"Prijava uspje\u0161no poslana"},"content":{"rendered":"\n<p>Va\u0161a prijava je uspje\u0161no poslana! Javit \u0107emo vam se uskoro.<\/p>\n","protected":false},"excerpt":{"rendered":"<p>Va\u0161a prijava je uspje\u0161no poslana! Javit \u0107emo vam se uskoro.<\/p>\n","protected":false},"author":1,"featured_media":0,"parent":0,"menu_order":0,"comment_status":"closed","ping_status":"closed","template":"template-thank-you.php","meta":{"_acf_changed":false,"footnotes":""},"class_list":["post-314","page","type-page","status-publish","hentry"],"acf":[],"yoast_head":"<!-- This site is optimized with the Yoast SEO plugin v25.4 - https:\/\/yoast.com\/wordpress\/plugins\/seo\/ -->\n<title>Prijava uspje\u0161no poslana - Global Offshore Engineering<\/title>\n<meta name=\"robots\" content=\"index, follow, max-snippet:-1, max-image-preview:large, max-video-preview:-1\" \/>\n<link rel=\"canonical\" href=\"https:\/\/goe-group.com\/hr\/hvala-na-prijavi\/\" \/>\n<meta property=\"og:locale\" content=\"hr_HR\" \/>\n<meta property=\"og:type\" content=\"article\" \/>\n<meta property=\"og:title\" content=\"Prijava uspje\u0161no poslana - Global Offshore Engineering\" \/>\n<meta property=\"og:description\" content=\"Va\u0161a prijava je uspje\u0161no poslana! Javit \u0107emo vam se uskoro.\" \/>\n<meta property=\"og:url\" content=\"https:\/\/goe-group.com\/hr\/hvala-na-prijavi\/\" \/>\n<meta property=\"og:site_name\" content=\"Global Offshore Engineering\" \/>\n<meta property=\"article:modified_time\" content=\"2024-12-19T09:15:55+00:00\" \/>\n<meta name=\"twitter:card\" content=\"summary_large_image\" \/>\n<meta name=\"twitter:label1\" content=\"Procijenjeno vrijeme \u010ditanja\" \/>\n\t<meta name=\"twitter:data1\" content=\"1 minuta\" \/>\n<script type=\"application\/ld+json\" class=\"yoast-schema-graph\">{\"@context\":\"https:\/\/schema.org\",\"@graph\":[{\"@type\":\"WebPage\",\"@id\":\"https:\/\/goe-group.com\/hr\/hvala-na-prijavi\/\",\"url\":\"https:\/\/goe-group.com\/hr\/hvala-na-prijavi\/\",\"name\":\"Prijava uspje\u0161no poslana - Global Offshore Engineering\",\"isPartOf\":{\"@id\":\"https:\/\/goe-group.com\/hr\/#website\"},\"datePublished\":\"2024-10-22T15:31:23+00:00\",\"dateModified\":\"2024-12-19T09:15:55+00:00\",\"breadcrumb\":{\"@id\":\"https:\/\/goe-group.com\/hr\/hvala-na-prijavi\/#breadcrumb\"},\"inLanguage\":\"hr\",\"potentialAction\":[{\"@type\":\"ReadAction\",\"target\":[\"https:\/\/goe-group.com\/hr\/hvala-na-prijavi\/\"]}]},{\"@type\":\"BreadcrumbList\",\"@id\":\"https:\/\/goe-group.com\/hr\/hvala-na-prijavi\/#breadcrumb\",\"itemListElement\":[{\"@type\":\"ListItem\",\"position\":1,\"name\":\"Home\",\"item\":\"https:\/\/goe-group.com\/hr\/\"},{\"@type\":\"ListItem\",\"position\":2,\"name\":\"Prijava uspje\u0161no poslana\"}]},{\"@type\":\"WebSite\",\"@id\":\"https:\/\/goe-group.com\/hr\/#website\",\"url\":\"https:\/\/goe-group.com\/hr\/\",\"name\":\"Global Offshore Engineering\",\"description\":\"\",\"potentialAction\":[{\"@type\":\"SearchAction\",\"target\":{\"@type\":\"EntryPoint\",\"urlTemplate\":\"https:\/\/goe-group.com\/hr\/?s={search_term_string}\"},\"query-input\":{\"@type\":\"PropertyValueSpecification\",\"valueRequired\":true,\"valueName\":\"search_term_string\"}}],\"inLanguage\":\"hr\"}]}<\/script>\n<!-- \/ Yoast SEO plugin. -->","yoast_head_json":{"title":"Prijava uspje\u0161no poslana - Global Offshore Engineering","robots":{"index":"index","follow":"follow","max-snippet":"max-snippet:-1","max-image-preview":"max-image-preview:large","max-video-preview":"max-video-preview:-1"},"canonical":"https:\/\/goe-group.com\/hr\/hvala-na-prijavi\/","og_locale":"hr_HR","og_type":"article","og_title":"Prijava uspje\u0161no poslana - Global Offshore Engineering","og_description":"Va\u0161a prijava je uspje\u0161no poslana! Javit \u0107emo vam se uskoro.","og_url":"https:\/\/goe-group.com\/hr\/hvala-na-prijavi\/","og_site_name":"Global Offshore Engineering","article_modified_time":"2024-12-19T09:15:55+00:00","twitter_card":"summary_large_image","twitter_misc":{"Procijenjeno vrijeme \u010ditanja":"1 minuta"},"schema":{"@context":"https:\/\/schema.org","@graph":[{"@type":"WebPage","@id":"https:\/\/goe-group.com\/hr\/hvala-na-prijavi\/","url":"https:\/\/goe-group.com\/hr\/hvala-na-prijavi\/","name":"Prijava uspje\u0161no poslana - Global Offshore Engineering","isPartOf":{"@id":"https:\/\/goe-group.com\/hr\/#website"},"datePublished":"2024-10-22T15:31:23+00:00","dateModified":"2024-12-19T09:15:55+00:00","breadcrumb":{"@id":"https:\/\/goe-group.com\/hr\/hvala-na-prijavi\/#breadcrumb"},"inLanguage":"hr","potentialAction":[{"@type":"ReadAction","target":["https:\/\/goe-group.com\/hr\/hvala-na-prijavi\/"]}]},{"@type":"BreadcrumbList","@id":"https:\/\/goe-group.com\/hr\/hvala-na-prijavi\/#breadcrumb","itemListElement":[{"@type":"ListItem","position":1,"name":"Home","item":"https:\/\/goe-group.com\/hr\/"},{"@type":"ListItem","position":2,"name":"Prijava uspje\u0161no poslana"}]},{"@type":"WebSite","@id":"https:\/\/goe-group.com\/hr\/#website","url":"https:\/\/goe-group.com\/hr\/","name":"Global Offshore Engineering","description":"","potentialAction":[{"@type":"SearchAction","target":{"@type":"EntryPoint","urlTemplate":"https:\/\/goe-group.com\/hr\/?s={search_term_string}"},"query-input":{"@type":"PropertyValueSpecification","valueRequired":true,"valueName":"search_term_string"}}],"inLanguage":"hr"}]}},"_links":{"self":[{"href":"https:\/\/goe-group.com\/hr\/wp-json\/wp\/v2\/pages\/314","targetHints":{"allow":["GET"]}}],"collection":[{"href":"https:\/\/goe-group.com\/hr\/wp-json\/wp\/v2\/pages"}],"about":[{"href":"https:\/\/goe-group.com\/hr\/wp-json\/wp\/v2\/types\/page"}],"author":[{"embeddable":true,"href":"https:\/\/goe-group.com\/hr\/wp-json\/wp\/v2\/users\/1"}],"replies":[{"embeddable":true,"href":"https:\/\/goe-group.com\/hr\/wp-json\/wp\/v2\/comments?post=314"}],"version-history":[{"count":0,"href":"https:\/\/goe-group.com\/hr\/wp-json\/wp\/v2\/pages\/314\/revisions"}],"wp:attachment":[{"href":"https:\/\/goe-group.com\/hr\/wp-json\/wp\/v2\/media?parent=314"}],"curies":[{"name":"wp","href":"https:\/\/api.w.org\/{rel}","templated":true}]}}