{"id":25,"date":"2024-09-27T09:48:16","date_gmt":"2024-09-27T07:48:16","guid":{"rendered":"https:\/\/goe-group.com\/homepage\/"},"modified":"2025-02-08T14:37:18","modified_gmt":"2025-02-08T13:37:18","slug":"homepage","status":"publish","type":"page","link":"https:\/\/goe-group.com\/tr\/","title":{"rendered":"Homepage"},"content":{"rendered":"","protected":false},"excerpt":{"rendered":"","protected":false},"author":1,"featured_media":0,"parent":0,"menu_order":0,"comment_status":"closed","ping_status":"closed","template":"template-homepage.php","meta":{"_acf_changed":false,"footnotes":""},"class_list":["post-25","page","type-page","status-publish","hentry"],"acf":[],"yoast_head":"<!-- This site is optimized with the Yoast SEO plugin v25.4 - https:\/\/yoast.com\/wordpress\/plugins\/seo\/ -->\n<title>Homepage - Global Offshore Engineering<\/title>\n<meta name=\"description\" content=\"2001 y\u0131l\u0131nda kurulan GOE, a\u00e7\u0131k deniz petrol ve gaz sekt\u00f6r\u00fcnde uzmanla\u015fm\u0131\u015f global bir m\u00fchendislik ve proje y\u00f6netimi \u015firketidir. H\u0131rvatistan, T\u00fcrkiye, Singapur ve d\u00fcnya \u00e7ap\u0131ndaki a\u00e7\u0131k deniz sahalar\u0131nda 550&#039;den fazla uzman\u0131m\u0131zla tasar\u0131m, m\u00fchendislik, proje y\u00f6netimi ve i\u015f \u00e7\u00f6z\u00fcmleri sunuyoruz.\" \/>\n<meta name=\"robots\" content=\"index, follow, max-snippet:-1, max-image-preview:large, max-video-preview:-1\" \/>\n<link rel=\"canonical\" href=\"https:\/\/goe-group.com\/tr\/\" \/>\n<meta property=\"og:locale\" content=\"tr_TR\" \/>\n<meta property=\"og:type\" content=\"article\" \/>\n<meta property=\"og:title\" content=\"Homepage - Global Offshore Engineering\" \/>\n<meta property=\"og:description\" content=\"2001 y\u0131l\u0131nda kurulan GOE, a\u00e7\u0131k deniz petrol ve gaz sekt\u00f6r\u00fcnde uzmanla\u015fm\u0131\u015f global bir m\u00fchendislik ve proje y\u00f6netimi \u015firketidir. H\u0131rvatistan, T\u00fcrkiye, Singapur ve d\u00fcnya \u00e7ap\u0131ndaki a\u00e7\u0131k deniz sahalar\u0131nda 550&#039;den fazla uzman\u0131m\u0131zla tasar\u0131m, m\u00fchendislik, proje y\u00f6netimi ve i\u015f \u00e7\u00f6z\u00fcmleri sunuyoruz.\" \/>\n<meta property=\"og:url\" content=\"https:\/\/goe-group.com\/tr\/\" \/>\n<meta property=\"og:site_name\" content=\"Global Offshore Engineering\" \/>\n<meta property=\"article:modified_time\" content=\"2025-02-08T13:37:18+00:00\" \/>\n<meta property=\"og:image\" content=\"https:\/\/goe-group.com\/wp-content\/uploads\/2024\/11\/Thumbnail.png\" \/>\n\t<meta property=\"og:image:width\" content=\"1920\" \/>\n\t<meta property=\"og:image:height\" content=\"1080\" \/>\n\t<meta property=\"og:image:type\" content=\"image\/png\" \/>\n<meta name=\"twitter:card\" content=\"summary_large_image\" \/>\n<meta name=\"twitter:label1\" content=\"Tahmini okuma s\u00fcresi\" \/>\n\t<meta name=\"twitter:data1\" content=\"2 dakika\" \/>\n<script type=\"application\/ld+json\" class=\"yoast-schema-graph\">{\"@context\":\"https:\/\/schema.org\",\"@graph\":[{\"@type\":\"WebPage\",\"@id\":\"https:\/\/goe-group.com\/tr\/\",\"url\":\"https:\/\/goe-group.com\/tr\/\",\"name\":\"Homepage - Global Offshore Engineering\",\"isPartOf\":{\"@id\":\"https:\/\/goe-group.com\/tr\/#website\"},\"datePublished\":\"2024-09-27T07:48:16+00:00\",\"dateModified\":\"2025-02-08T13:37:18+00:00\",\"description\":\"2001 y\u0131l\u0131nda kurulan GOE, a\u00e7\u0131k deniz petrol ve gaz sekt\u00f6r\u00fcnde uzmanla\u015fm\u0131\u015f global bir m\u00fchendislik ve proje y\u00f6netimi \u015firketidir. H\u0131rvatistan, T\u00fcrkiye, Singapur ve d\u00fcnya \u00e7ap\u0131ndaki a\u00e7\u0131k deniz sahalar\u0131nda 550'den fazla uzman\u0131m\u0131zla tasar\u0131m, m\u00fchendislik, proje y\u00f6netimi ve i\u015f \u00e7\u00f6z\u00fcmleri sunuyoruz.\",\"breadcrumb\":{\"@id\":\"https:\/\/goe-group.com\/tr\/#breadcrumb\"},\"inLanguage\":\"tr\",\"potentialAction\":[{\"@type\":\"ReadAction\",\"target\":[\"https:\/\/goe-group.com\/tr\/\"]}]},{\"@type\":\"BreadcrumbList\",\"@id\":\"https:\/\/goe-group.com\/tr\/#breadcrumb\",\"itemListElement\":[{\"@type\":\"ListItem\",\"position\":1,\"name\":\"Home\",\"item\":\"https:\/\/goe-group.com\/tr\/\"},{\"@type\":\"ListItem\",\"position\":2,\"name\":\"Homepage\"}]},{\"@type\":\"WebSite\",\"@id\":\"https:\/\/goe-group.com\/tr\/#website\",\"url\":\"https:\/\/goe-group.com\/tr\/\",\"name\":\"Global Offshore Engineering\",\"description\":\"\",\"potentialAction\":[{\"@type\":\"SearchAction\",\"target\":{\"@type\":\"EntryPoint\",\"urlTemplate\":\"https:\/\/goe-group.com\/tr\/?s={search_term_string}\"},\"query-input\":{\"@type\":\"PropertyValueSpecification\",\"valueRequired\":true,\"valueName\":\"search_term_string\"}}],\"inLanguage\":\"tr\"}]}<\/script>\n<!-- \/ Yoast SEO plugin. -->","yoast_head_json":{"title":"Homepage - Global Offshore Engineering","description":"2001 y\u0131l\u0131nda kurulan GOE, a\u00e7\u0131k deniz petrol ve gaz sekt\u00f6r\u00fcnde uzmanla\u015fm\u0131\u015f global bir m\u00fchendislik ve proje y\u00f6netimi \u015firketidir. H\u0131rvatistan, T\u00fcrkiye, Singapur ve d\u00fcnya \u00e7ap\u0131ndaki a\u00e7\u0131k deniz sahalar\u0131nda 550'den fazla uzman\u0131m\u0131zla tasar\u0131m, m\u00fchendislik, proje y\u00f6netimi ve i\u015f \u00e7\u00f6z\u00fcmleri sunuyoruz.","robots":{"index":"index","follow":"follow","max-snippet":"max-snippet:-1","max-image-preview":"max-image-preview:large","max-video-preview":"max-video-preview:-1"},"canonical":"https:\/\/goe-group.com\/tr\/","og_locale":"tr_TR","og_type":"article","og_title":"Homepage - Global Offshore Engineering","og_description":"2001 y\u0131l\u0131nda kurulan GOE, a\u00e7\u0131k deniz petrol ve gaz sekt\u00f6r\u00fcnde uzmanla\u015fm\u0131\u015f global bir m\u00fchendislik ve proje y\u00f6netimi \u015firketidir. H\u0131rvatistan, T\u00fcrkiye, Singapur ve d\u00fcnya \u00e7ap\u0131ndaki a\u00e7\u0131k deniz sahalar\u0131nda 550'den fazla uzman\u0131m\u0131zla tasar\u0131m, m\u00fchendislik, proje y\u00f6netimi ve i\u015f \u00e7\u00f6z\u00fcmleri sunuyoruz.","og_url":"https:\/\/goe-group.com\/tr\/","og_site_name":"Global Offshore Engineering","article_modified_time":"2025-02-08T13:37:18+00:00","og_image":[{"width":1920,"height":1080,"url":"https:\/\/goe-group.com\/wp-content\/uploads\/2024\/11\/Thumbnail.png","type":"image\/png"}],"twitter_card":"summary_large_image","twitter_misc":{"Tahmini okuma s\u00fcresi":"2 dakika"},"schema":{"@context":"https:\/\/schema.org","@graph":[{"@type":"WebPage","@id":"https:\/\/goe-group.com\/tr\/","url":"https:\/\/goe-group.com\/tr\/","name":"Homepage - Global Offshore Engineering","isPartOf":{"@id":"https:\/\/goe-group.com\/tr\/#website"},"datePublished":"2024-09-27T07:48:16+00:00","dateModified":"2025-02-08T13:37:18+00:00","description":"2001 y\u0131l\u0131nda kurulan GOE, a\u00e7\u0131k deniz petrol ve gaz sekt\u00f6r\u00fcnde uzmanla\u015fm\u0131\u015f global bir m\u00fchendislik ve proje y\u00f6netimi \u015firketidir. H\u0131rvatistan, T\u00fcrkiye, Singapur ve d\u00fcnya \u00e7ap\u0131ndaki a\u00e7\u0131k deniz sahalar\u0131nda 550'den fazla uzman\u0131m\u0131zla tasar\u0131m, m\u00fchendislik, proje y\u00f6netimi ve i\u015f \u00e7\u00f6z\u00fcmleri sunuyoruz.","breadcrumb":{"@id":"https:\/\/goe-group.com\/tr\/#breadcrumb"},"inLanguage":"tr","potentialAction":[{"@type":"ReadAction","target":["https:\/\/goe-group.com\/tr\/"]}]},{"@type":"BreadcrumbList","@id":"https:\/\/goe-group.com\/tr\/#breadcrumb","itemListElement":[{"@type":"ListItem","position":1,"name":"Home","item":"https:\/\/goe-group.com\/tr\/"},{"@type":"ListItem","position":2,"name":"Homepage"}]},{"@type":"WebSite","@id":"https:\/\/goe-group.com\/tr\/#website","url":"https:\/\/goe-group.com\/tr\/","name":"Global Offshore Engineering","description":"","potentialAction":[{"@type":"SearchAction","target":{"@type":"EntryPoint","urlTemplate":"https:\/\/goe-group.com\/tr\/?s={search_term_string}"},"query-input":{"@type":"PropertyValueSpecification","valueRequired":true,"valueName":"search_term_string"}}],"inLanguage":"tr"}]}},"_links":{"self":[{"href":"https:\/\/goe-group.com\/tr\/wp-json\/wp\/v2\/pages\/25","targetHints":{"allow":["GET"]}}],"collection":[{"href":"https:\/\/goe-group.com\/tr\/wp-json\/wp\/v2\/pages"}],"about":[{"href":"https:\/\/goe-group.com\/tr\/wp-json\/wp\/v2\/types\/page"}],"author":[{"embeddable":true,"href":"https:\/\/goe-group.com\/tr\/wp-json\/wp\/v2\/users\/1"}],"replies":[{"embeddable":true,"href":"https:\/\/goe-group.com\/tr\/wp-json\/wp\/v2\/comments?post=25"}],"version-history":[{"count":0,"href":"https:\/\/goe-group.com\/tr\/wp-json\/wp\/v2\/pages\/25\/revisions"}],"wp:attachment":[{"href":"https:\/\/goe-group.com\/tr\/wp-json\/wp\/v2\/media?parent=25"}],"curies":[{"name":"wp","href":"https:\/\/api.w.org\/{rel}","templated":true}]}}