{"id":315,"date":"2024-10-22T15:31:23","date_gmt":"2024-10-22T15:31:23","guid":{"rendered":"https:\/\/goe-group.com\/thank-you\/"},"modified":"2024-12-19T09:13:31","modified_gmt":"2024-12-19T09:13:31","slug":"tesekkurler","status":"publish","type":"page","link":"https:\/\/goe-group.com\/tr\/tesekkurler\/","title":{"rendered":"Ba\u015fvuru ba\u015far\u0131yla g\u00f6nderildi"},"content":{"rendered":"\n<p>Ba\u015fvurunuz ba\u015far\u0131yla g\u00f6nderildi! Yak\u0131nda sizinle ileti\u015fime ge\u00e7ece\u011fiz.<\/p>\n\n\n\n<p><\/p>\n","protected":false},"excerpt":{"rendered":"<p>Ba\u015fvurunuz ba\u015far\u0131yla g\u00f6nderildi! Yak\u0131nda sizinle ileti\u015fime ge\u00e7ece\u011fiz.<\/p>\n","protected":false},"author":1,"featured_media":0,"parent":0,"menu_order":0,"comment_status":"closed","ping_status":"closed","template":"template-thank-you.php","meta":{"_acf_changed":false,"footnotes":""},"class_list":["post-315","page","type-page","status-publish","hentry"],"acf":[],"yoast_head":"<!-- This site is optimized with the Yoast SEO plugin v25.4 - https:\/\/yoast.com\/wordpress\/plugins\/seo\/ -->\n<title>Ba\u015fvuru ba\u015far\u0131yla g\u00f6nderildi - Global Offshore Engineering<\/title>\n<meta name=\"robots\" content=\"index, follow, max-snippet:-1, max-image-preview:large, max-video-preview:-1\" \/>\n<link rel=\"canonical\" href=\"https:\/\/goe-group.com\/tr\/tesekkurler\/\" \/>\n<meta property=\"og:locale\" content=\"tr_TR\" \/>\n<meta property=\"og:type\" content=\"article\" \/>\n<meta property=\"og:title\" content=\"Ba\u015fvuru ba\u015far\u0131yla g\u00f6nderildi - Global Offshore Engineering\" \/>\n<meta property=\"og:description\" content=\"Ba\u015fvurunuz ba\u015far\u0131yla g\u00f6nderildi! Yak\u0131nda sizinle ileti\u015fime ge\u00e7ece\u011fiz.\" \/>\n<meta property=\"og:url\" content=\"https:\/\/goe-group.com\/tr\/tesekkurler\/\" \/>\n<meta property=\"og:site_name\" content=\"Global Offshore Engineering\" \/>\n<meta property=\"article:modified_time\" content=\"2024-12-19T09:13:31+00:00\" \/>\n<meta name=\"twitter:card\" content=\"summary_large_image\" \/>\n<meta name=\"twitter:label1\" content=\"Tahmini okuma s\u00fcresi\" \/>\n\t<meta name=\"twitter:data1\" content=\"1 dakika\" \/>\n<script type=\"application\/ld+json\" class=\"yoast-schema-graph\">{\"@context\":\"https:\/\/schema.org\",\"@graph\":[{\"@type\":\"WebPage\",\"@id\":\"https:\/\/goe-group.com\/tr\/tesekkurler\/\",\"url\":\"https:\/\/goe-group.com\/tr\/tesekkurler\/\",\"name\":\"Ba\u015fvuru ba\u015far\u0131yla g\u00f6nderildi - Global Offshore Engineering\",\"isPartOf\":{\"@id\":\"https:\/\/goe-group.com\/tr\/#website\"},\"datePublished\":\"2024-10-22T15:31:23+00:00\",\"dateModified\":\"2024-12-19T09:13:31+00:00\",\"breadcrumb\":{\"@id\":\"https:\/\/goe-group.com\/tr\/tesekkurler\/#breadcrumb\"},\"inLanguage\":\"tr\",\"potentialAction\":[{\"@type\":\"ReadAction\",\"target\":[\"https:\/\/goe-group.com\/tr\/tesekkurler\/\"]}]},{\"@type\":\"BreadcrumbList\",\"@id\":\"https:\/\/goe-group.com\/tr\/tesekkurler\/#breadcrumb\",\"itemListElement\":[{\"@type\":\"ListItem\",\"position\":1,\"name\":\"Home\",\"item\":\"https:\/\/goe-group.com\/tr\/\"},{\"@type\":\"ListItem\",\"position\":2,\"name\":\"Ba\u015fvuru ba\u015far\u0131yla g\u00f6nderildi\"}]},{\"@type\":\"WebSite\",\"@id\":\"https:\/\/goe-group.com\/tr\/#website\",\"url\":\"https:\/\/goe-group.com\/tr\/\",\"name\":\"Global Offshore Engineering\",\"description\":\"\",\"potentialAction\":[{\"@type\":\"SearchAction\",\"target\":{\"@type\":\"EntryPoint\",\"urlTemplate\":\"https:\/\/goe-group.com\/tr\/?s={search_term_string}\"},\"query-input\":{\"@type\":\"PropertyValueSpecification\",\"valueRequired\":true,\"valueName\":\"search_term_string\"}}],\"inLanguage\":\"tr\"}]}<\/script>\n<!-- \/ Yoast SEO plugin. -->","yoast_head_json":{"title":"Ba\u015fvuru ba\u015far\u0131yla g\u00f6nderildi - Global Offshore Engineering","robots":{"index":"index","follow":"follow","max-snippet":"max-snippet:-1","max-image-preview":"max-image-preview:large","max-video-preview":"max-video-preview:-1"},"canonical":"https:\/\/goe-group.com\/tr\/tesekkurler\/","og_locale":"tr_TR","og_type":"article","og_title":"Ba\u015fvuru ba\u015far\u0131yla g\u00f6nderildi - Global Offshore Engineering","og_description":"Ba\u015fvurunuz ba\u015far\u0131yla g\u00f6nderildi! Yak\u0131nda sizinle ileti\u015fime ge\u00e7ece\u011fiz.","og_url":"https:\/\/goe-group.com\/tr\/tesekkurler\/","og_site_name":"Global Offshore Engineering","article_modified_time":"2024-12-19T09:13:31+00:00","twitter_card":"summary_large_image","twitter_misc":{"Tahmini okuma s\u00fcresi":"1 dakika"},"schema":{"@context":"https:\/\/schema.org","@graph":[{"@type":"WebPage","@id":"https:\/\/goe-group.com\/tr\/tesekkurler\/","url":"https:\/\/goe-group.com\/tr\/tesekkurler\/","name":"Ba\u015fvuru ba\u015far\u0131yla g\u00f6nderildi - Global Offshore Engineering","isPartOf":{"@id":"https:\/\/goe-group.com\/tr\/#website"},"datePublished":"2024-10-22T15:31:23+00:00","dateModified":"2024-12-19T09:13:31+00:00","breadcrumb":{"@id":"https:\/\/goe-group.com\/tr\/tesekkurler\/#breadcrumb"},"inLanguage":"tr","potentialAction":[{"@type":"ReadAction","target":["https:\/\/goe-group.com\/tr\/tesekkurler\/"]}]},{"@type":"BreadcrumbList","@id":"https:\/\/goe-group.com\/tr\/tesekkurler\/#breadcrumb","itemListElement":[{"@type":"ListItem","position":1,"name":"Home","item":"https:\/\/goe-group.com\/tr\/"},{"@type":"ListItem","position":2,"name":"Ba\u015fvuru ba\u015far\u0131yla g\u00f6nderildi"}]},{"@type":"WebSite","@id":"https:\/\/goe-group.com\/tr\/#website","url":"https:\/\/goe-group.com\/tr\/","name":"Global Offshore Engineering","description":"","potentialAction":[{"@type":"SearchAction","target":{"@type":"EntryPoint","urlTemplate":"https:\/\/goe-group.com\/tr\/?s={search_term_string}"},"query-input":{"@type":"PropertyValueSpecification","valueRequired":true,"valueName":"search_term_string"}}],"inLanguage":"tr"}]}},"_links":{"self":[{"href":"https:\/\/goe-group.com\/tr\/wp-json\/wp\/v2\/pages\/315","targetHints":{"allow":["GET"]}}],"collection":[{"href":"https:\/\/goe-group.com\/tr\/wp-json\/wp\/v2\/pages"}],"about":[{"href":"https:\/\/goe-group.com\/tr\/wp-json\/wp\/v2\/types\/page"}],"author":[{"embeddable":true,"href":"https:\/\/goe-group.com\/tr\/wp-json\/wp\/v2\/users\/1"}],"replies":[{"embeddable":true,"href":"https:\/\/goe-group.com\/tr\/wp-json\/wp\/v2\/comments?post=315"}],"version-history":[{"count":0,"href":"https:\/\/goe-group.com\/tr\/wp-json\/wp\/v2\/pages\/315\/revisions"}],"wp:attachment":[{"href":"https:\/\/goe-group.com\/tr\/wp-json\/wp\/v2\/media?parent=315"}],"curies":[{"name":"wp","href":"https:\/\/api.w.org\/{rel}","templated":true}]}}